

{"id":59,"date":"2021-03-10T19:07:18","date_gmt":"2021-03-10T19:07:18","guid":{"rendered":"https:\/\/portfoliomultimedia.com\/wordpress\/?page_id=59"},"modified":"2022-02-16T11:53:50","modified_gmt":"2022-02-16T11:53:50","slug":"portfolioreader","status":"publish","type":"page","link":"https:\/\/portfoliomultimedia.com\/wordpress\/portfolioreader\/","title":{"rendered":"Portfolio Reader &#8211; Sitio de pruebas"},"content":{"rendered":"<div class=\"wpb-content-wrapper\"><p>[vc_row full_width=&#8221;stretch_row&#8221; parallax=&#8221;content-moving&#8221; parallax_image=&#8221;7&#8243; parallax_speed_bg=&#8221;1.3&#8243; css=&#8221;.vc_custom_1614356992678{background-image: url(https:\/\/portfoliomultimedia.com\/wordpress\/wp-content\/uploads\/2021\/02\/tienda3.jpg?id=42) !important;background-position: center;background-repeat: no-repeat !important;background-size: cover !important;}&#8221;][vc_column][vc_empty_space height=&#8221;150px&#8221;][vc_column_text]<img loading=\"lazy\" decoding=\"async\" class=\"wp-image-44 size-full aligncenter\" src=\"https:\/\/portfoliomultimedia.com\/wordpress\/wp-content\/uploads\/2021\/02\/logovb.png\" alt=\"\" width=\"115\" height=\"132\" \/>[\/vc_column_text][vc_empty_space height=&#8221;150px&#8221;][\/vc_column][\/vc_row][vc_row equal_height=&#8221;yes&#8221;][vc_column width=&#8221;1\/4&#8243; css=&#8221;.vc_custom_1613510734312{padding-right: 8vw !important;padding-left: 8vw !important;}&#8221;][\/vc_column][vc_column width=&#8221;1\/2&#8243;][vc_column_text]<\/p>\n<p style=\"text-align: center;\">Haz clic en el bot\u00f3n de la esquina inferior izquierda para probar Portfolio Reader leyendo este texto:<\/p>\n<p>[\/vc_column_text][vc_empty_space height=&#8221;15px&#8221;][vc_column_text el_class=&#8221;textonormal readme eltexto&#8221;]<\/p>\n<h3 style=\"text-align: center;\">Constitu\u00eda un placer especial ver las cosas consumidas, ver los objetos ennegrecidos y cambiados. Con la punta de bronce del soplete en sus pu\u00f1os, con aquella gigantesca serpiente escupiendo su petr\u00f3leo venenoso sobre el mundo, la sangre le lat\u00eda en la cabeza y sus manos eran las de un fant\u00e1stico director tocando todas las sinfon\u00edas del fuego y de las llamas para destruir los gui\u00f1apos y ruinas de la Historia.<\/h3>\n<p style=\"text-align: center;\">Fahrenheit 451, Ray Bradbury<\/p>\n<p>[\/vc_column_text][vc_empty_space height=&#8221;15px&#8221;][vc_column_text]<\/p>\n<h3 style=\"text-align: center;\"><a href=\"https:\/\/portfoliomultimedia.com\/wordpress\/home-english\/\">english demo<\/a><\/h3>\n<h3 style=\"text-align: center;\"><a href=\"https:\/\/www.portfolio.es\/tienda\">comprar plugin<\/a><\/h3>\n<p>[\/vc_column_text][vc_raw_html]JTNDc2NyaXB0JTNFJTBBdmFyJTIwdGV4dG8lMjAlM0QlMjBNYXRoLmZsb29yJTI4TWF0aC5yYW5kb20lMjglMjklMjAlMkElMjAzJTI5JTNCJTBBaWYlMjAlMjh0ZXh0byUyMCUzRCUzRCUyMDAlMjklN0IlMEFqUXVlcnklMjglMjcuZWx0ZXh0byUyNyUyOS5odG1sJTI4JTI3JTNDaDMlMjBzdHlsZSUzRCUyMnRleHQtYWxpZ24lM0ElMjBjZW50ZXIlM0IlMjIlM0VDb25zdGl0dSVDMyVBRGElMjB1biUyMHBsYWNlciUyMGVzcGVjaWFsJTIwdmVyJTIwbGFzJTIwY29zYXMlMjBjb25zdW1pZGFzJTJDJTIwdmVyJTIwbG9zJTIwb2JqZXRvcyUyMGVubmVncmVjaWRvcyUyMHklMjBjYW1iaWFkb3MuJTIwQ29uJTIwbGElMjBwdW50YSUyMGRlJTIwYnJvbmNlJTIwZGVsJTIwc29wbGV0ZSUyMGVuJTIwc3VzJTIwcHUlQzMlQjFvcyUyQyUyMGNvbiUyMGFxdWVsbGElMjBnaWdhbnRlc2NhJTIwc2VycGllbnRlJTIwZXNjdXBpZW5kbyUyMHN1JTIwcGV0ciVDMyVCM2xlbyUyMHZlbmVub3NvJTIwc29icmUlMjBlbCUyMG11bmRvJTJDJTIwbGElMjBzYW5ncmUlMjBsZSUyMGxhdCVDMyVBRGElMjBlbiUyMGxhJTIwY2FiZXphJTIweSUyMHN1cyUyMG1hbm9zJTIwZXJhbiUyMGxhcyUyMGRlJTIwdW4lMjBmYW50JUMzJUExc3RpY28lMjBkaXJlY3RvciUyMHRvY2FuZG8lMjB0b2RhcyUyMGxhcyUyMHNpbmZvbiVDMyVBRGFzJTIwZGVsJTIwZnVlZ28lMjB5JTIwZGUlMjBsYXMlMjBsbGFtYXMlMjBwYXJhJTIwZGVzdHJ1aXIlMjBsb3MlMjBndWklQzMlQjFhcG9zJTIweSUyMHJ1aW5hcyUyMGRlJTIwbGElMjBIaXN0b3JpYS4lMjAlM0MlMkZoMyUzRSUzQ3AlMjBzdHlsZSUzRCUyMnRleHQtYWxpZ24lM0ElMjBjZW50ZXIlM0IlMjIlM0VGYWhyZW5oZWl0JTIwNDUxJTJDJTIwUmF5JTIwQnJhZGJ1cnklM0MlMkZwJTNFJTI3JTI5JTNCJTBBJTdEJTBBaWYlMjAlMjh0ZXh0byUyMCUzRCUzRCUyMDElMjklN0IlMEFqUXVlcnklMjglMjcuZWx0ZXh0byUyNyUyOS5odG1sJTI4JTI3JTNDaDMlMjBzdHlsZSUzRCUyMnRleHQtYWxpZ24lM0ElMjBjZW50ZXIlM0IlMjIlM0VFc3RhJTIwbm9jaGUlMjBoZSUyMHZpc3RvJTIwYWx6YXJzZSUyMGxhJTIwTSVDMyVBMXF1aW5hJTIwbnVldmFtZW50ZS4lMjBFcmElMkMlMjBlbiUyMGxhJTIwcHJvYSUyQyUyMGNvbW8lMjB1bmElMjBwdWVydGElMjBhYmllcnRhJTIwc29icmUlMjBlbCUyMHZhc3RvJTIwY2llbG8lMjBxdWUlMjB5YSUyMG5vcyUyMHRyYSVDMyVBRGElMjBvbG9yZXMlMjBkZSUyMHRpZXJyYSUyMHBvciUyMHNvYnJlJTIwdW4lMjBPYyVDMyVBOWFubyUyMHRhbiUyMHNvc2VnYWRvJTJDJTIwdGFuJTIwZHVlJUMzJUIxbyUyMGRlJTIwc3UlMjByaXRtbyUyQyUyMHF1ZSUyMGxhJTIwbmF2ZSUyQyUyMGxldmVtZW50ZSUyMGxsZXZhZGElMkMlMjBwYXJlYyVDMyVBRGElMjBhZG9ybWVjZXJzZSUyMGVuJTIwc3UlMjBydW1ibyUyQyUyMHN1c3BlbmRpZGElMjBlbnRyZSUyMHVuJTIwYXllciUyMHklMjB1biUyMG1hJUMzJUIxYW5hJTIwcXVlJTIwc2UlMjB0cmFzbGFkYXJhbiUyMGNvbiUyMG5vc290cm9zLiUyMCUzQyUyRmgzJTNFJTNDcCUyMHN0eWxlJTNEJTIydGV4dC1hbGlnbiUzQSUyMGNlbnRlciUzQiUyMiUzRUVsJTIwc2lnbG8lMjBkZSUyMGxhcyUyMGx1Y2VzJTJDJTIwQWxlam8lMjBDYXJwZW50aWVyJTNDJTJGcCUzRSUyNyUyOSUzQiUwQSU3RCUwQWlmJTIwJTI4dGV4dG8lMjAlM0QlM0QlMjAyJTI5JTdCJTBBalF1ZXJ5JTI4JTI3LmVsdGV4dG8lMjclMjkuaHRtbCUyOCUyNyUzQ2gzJTIwc3R5bGUlM0QlMjJ0ZXh0LWFsaWduJTNBJTIwY2VudGVyJTNCJTIyJTNFSG9yYSUyMGNyZXB1c2N1bGFyLiUyMFVuJTIwZ3VhcmRpbGwlQzMlQjNuJTIwY29uJTIwdmVudGFubyUyMGFuZ29zdG8lMkMlMjBsbGVubyUyMGRlJTIwc29sLiUyMFJldHJhdG9zJTJDJTIwZ3JhYmFkb3MlMkMlMjBhdXQlQzMlQjNncmFmb3MlMjByZXBhcnRpZG9zJTIwcG9yJTIwbGFzJTIwcGFyZWRlcyUyQyUyMHN1amV0b3MlMjBjb24lMjBjaGluY2hlcyUyMGRlJTIwZGlidWphbnRlLiUyMENvbnZlcnNhY2klQzMlQjNuJTIwbCVDMyVBMW5ndWlkYSUyMGRlJTIwdW4lMjBob21icmUlMjBjaWVnbyUyMHklMjB1bmElMjBtdWplciUyMHBlbGlycnViaWElMkMlMjB0cmlzdGUlMjB5JTIwZmF0aWdhZGEuJTIwRWwlMjBob21icmUlMjBjaWVnbyUyMGVzJTIwdW4lMjBoaXBlcmIlQzMlQjNsaWNvJTIwYW5kYWx1eiUyQyUyMHBvZXRhJTIwZGUlMjBvZGFzJTIweSUyMG1hZHJpZ2FsZXMlMkMlMjBNJUMzJUExeGltbyUyMEVzdHJlbGxhLiUyMEElMjBsYSUyMHBlbGlycnViaWElMkMlMjBwb3IlMjBzZXIlMjBmcmFuY2VzYSUyQyUyMGxlJTIwZGljZW4lMjBlbiUyMGxhJTIwdmVjaW5kYWQlMjBNYWRhbWElMjBDb2xsZXQuJTIwJTNDJTJGaDMlM0UlM0NwJTIwc3R5bGUlM0QlMjJ0ZXh0LWFsaWduJTNBJTIwY2VudGVyJTNCJTIyJTNFTHVjZXMlMjBkZSUyMEJvaGVtaWElMkMlMjBWYWxsZS1JbmNsJUMzJUExbiUzQyUyRnAlM0UlMjclMjklM0IlMEElN0QlMEFpZiUyMCUyOHRleHRvJTIwJTNEJTNEJTIwMyUyOSU3QiUwQWpRdWVyeSUyOCUyNy5lbHRleHRvJTI3JTI5Lmh0bWwlMjglMjclM0NoMyUyMHN0eWxlJTNEJTIydGV4dC1hbGlnbiUzQSUyMGNlbnRlciUzQiUyMiUzRUVuJTIwdW4lMjBsdWdhciUyMGRlJTIwbGElMjBNYW5jaGElMkMlMjBkZSUyMGN1eW8lMjBub21icmUlMjBubyUyMHF1aWVybyUyMGFjb3JkYXJtZSUyQyUyMG5vJTIwaGElMjBtdWNobyUyMHRpZW1wbyUyMHF1ZSUyMHZpdiVDMyVBRGElMjB1biUyMGhpZGFsZ28lMjBkZSUyMGxvcyUyMGRlJTIwbGFuemElMjBlbiUyMGFzdGlsbGVybyUyQyUyMGFkYXJnYSUyMGFudGlndWElMkMlMjByb2MlQzMlQURuJTIwZmxhY28lMjB5JTIwZ2FsZ28lMjBjb3JyZWRvci4lMjAlM0MlMkZoMyUzRSUzQ3AlMjBzdHlsZSUzRCUyMnRleHQtYWxpZ24lM0ElMjBjZW50ZXIlM0IlMjIlM0VFbCUyMFF1aWpvdGUlMkMlMjBNaWd1ZWwlMjBkZSUyMENlcnZhbnRlcyUzQyUyRnAlM0UlMjclMjklM0IlMEElN0QlMEElM0MlMkZzY3JpcHQlM0U=[\/vc_raw_html][\/vc_column][vc_column width=&#8221;1\/4&#8243;][\/vc_column][\/vc_row][vc_row][vc_column][vc_empty_space height=&#8221;80px&#8221;][\/vc_column][\/vc_row][vc_row][vc_column][vc_empty_space height=&#8221;80px&#8221;][\/vc_column][\/vc_row][vc_row][vc_column][vc_empty_space height=&#8221;80px&#8221;][\/vc_column][\/vc_row][vc_row][vc_column][vc_empty_space height=&#8221;80px&#8221;][\/vc_column][\/vc_row]<\/p>\n<\/div><div class='nosacar' style='display:none;'>Array\n(\n    [portfolioeasytranslate_cadenas_es] => Array\n        (\n            [0] => Array\n                (\n                    [0] => casa\n                    [1] => hola\n                )\n\n            [1] => Array\n                (\n                    [0] => casa\n                    [1] => hola\n                )\n\n        )\n\n)\n<\/div>","protected":false},"excerpt":{"rendered":"[vc_row full_width=&#8221;stretch_row&#8221; parallax=&#8221;content-moving&#8221; parallax_image=&#8221;7&#8243; parallax_speed_bg=&#8221;1.3&#8243; css=&#8221;.vc_custom_1614356992678{background-image: url(https:\/\/portfoliomultimedia.com\/wordpress\/wp-content\/uploads\/2021\/02\/tienda3.jpg?id=42) !important;background-position: center;background-repeat: no-repeat !important;background-size: cover !important;}&#8221;][vc_column][vc_empty_space height=&#8221;150px&#8221;][vc_column_text][\/vc_column_text][vc_empty_space height=&#8221;150px&#8221;][\/vc_column][\/vc_row][vc_row equal_height=&#8221;yes&#8221;][vc_column width=&#8221;1\/4&#8243; css=&#8221;.vc_custom_1613510734312{padding-right: 8vw !important;padding-left: 8vw !important;}&#8221;][\/vc_column][vc_column width=&#8221;1\/2&#8243;][vc_column_text] Haz clic en el bot\u00f3n de la esquina inferior izquierda para probar Portfolio Reader leyendo este texto: [\/vc_column_text][vc_empty_space height=&#8221;15px&#8221;][vc_column_text el_class=&#8221;textonormal readme eltexto&#8221;] Constitu\u00eda un placer especial ver las cosas consumidas, ver los&#8230; <a class=\"view-article\" href=\"https:\/\/portfoliomultimedia.com\/wordpress\/portfolioreader\/\">Ver art\u00edculo<\/a>","protected":false},"author":1,"featured_media":0,"parent":0,"menu_order":0,"comment_status":"closed","ping_status":"closed","template":"","meta":{"footnotes":""},"class_list":["post-59","page","type-page","status-publish","hentry"],"_links":{"self":[{"href":"https:\/\/portfoliomultimedia.com\/wordpress\/wp-json\/wp\/v2\/pages\/59","targetHints":{"allow":["GET"]}}],"collection":[{"href":"https:\/\/portfoliomultimedia.com\/wordpress\/wp-json\/wp\/v2\/pages"}],"about":[{"href":"https:\/\/portfoliomultimedia.com\/wordpress\/wp-json\/wp\/v2\/types\/page"}],"author":[{"embeddable":true,"href":"https:\/\/portfoliomultimedia.com\/wordpress\/wp-json\/wp\/v2\/users\/1"}],"replies":[{"embeddable":true,"href":"https:\/\/portfoliomultimedia.com\/wordpress\/wp-json\/wp\/v2\/comments?post=59"}],"version-history":[{"count":15,"href":"https:\/\/portfoliomultimedia.com\/wordpress\/wp-json\/wp\/v2\/pages\/59\/revisions"}],"predecessor-version":[{"id":241,"href":"https:\/\/portfoliomultimedia.com\/wordpress\/wp-json\/wp\/v2\/pages\/59\/revisions\/241"}],"wp:attachment":[{"href":"https:\/\/portfoliomultimedia.com\/wordpress\/wp-json\/wp\/v2\/media?parent=59"}],"curies":[{"name":"wp","href":"https:\/\/api.w.org\/{rel}","templated":true}]}}