

{"id":1784,"date":"2025-05-21T16:13:57","date_gmt":"2025-05-21T16:13:57","guid":{"rendered":"https:\/\/portfoliomultimedia.com\/wordpress\/?page_id=1784"},"modified":"2025-05-23T12:15:26","modified_gmt":"2025-05-23T12:15:26","slug":"plugin-zoom-simple-ejemplo","status":"publish","type":"page","link":"https:\/\/portfoliomultimedia.com\/wordpress\/plugin-zoom-simple-ejemplo\/","title":{"rendered":"Plugin Zoom Simple &#8211; Ejemplo"},"content":{"rendered":"<div class=\"wpb-content-wrapper\"><p>[vc_row][vc_column width=&#8221;1\/6&#8243;][vc_empty_space height=&#8221;30px&#8221;][vc_empty_space height=&#8221;30px&#8221;][vc_single_image image=&#8221;1817&#8243;][\/vc_column][vc_column width=&#8221;2\/3&#8243;][vc_empty_space height=&#8221;90px&#8221;][vc_column_text]<\/p>\n<h1>Plugin Zoom Simple MP<\/h1>\n<h2>Disponible en <span style=\"color: #800080;\"><a style=\"color: #800080;\" href=\"https:\/\/mejoresplugins.com\/producto\/zoom-simple-wordpress-plugin\/\" target=\"_blank\" rel=\"noopener\">Mejores Plugins<\/a><\/span><\/h2>\n<p>[\/vc_column_text][\/vc_column][vc_column width=&#8221;1\/6&#8243;][\/vc_column][\/vc_row][vc_row][vc_column][vc_column_text css_animation=&#8221;none&#8221;]<\/p>\n<ul>\n<li>\n<h2><span style=\"font-weight: 400;\">Aplica un efecto de zoom tipo lupa sobre im\u00e1genes al pasar el cursor.<\/span><\/h2>\n<\/li>\n<li>\n<h2><span style=\"font-weight: 400;\">Permite personalizar el estilo, tama\u00f1o, posici\u00f3n y comportamiento del visor de zoom.<\/span><\/h2>\n<\/li>\n<li>\n<h2><span style=\"font-weight: 400;\">Integra una p\u00e1gina de ajustes desde el administrador para modificar los par\u00e1metros visuales y funcionales.<\/span><\/h2>\n<\/li>\n<li>\n<h2><span style=\"font-weight: 400;\">Aparece autom\u00e1ticamente en cualquier p\u00e1gina o entrada donde haya im\u00e1genes cuyo contenedor tenga la clase definida.<\/span><\/h2>\n<\/li>\n<li>\n<h2><span style=\"font-weight: 400;\">El plugin inserta un visor oculto y una lupa al cargar la p\u00e1gina.<\/span><\/h2>\n<\/li>\n<li>\n<h2><span style=\"font-weight: 400;\">Cuando el usuario pasa el rat\u00f3n por encima de una imagen marcada, se activa el zoom, se muestra el \u00e1rea ampliada y la lupa se mueve con el cursor.<\/span><\/h2>\n<\/li>\n<\/ul>\n<h2><\/h2>\n<h2><\/h2>\n<h2><\/h2>\n<p>[\/vc_column_text][vc_empty_space height=&#8221;30px&#8221;][vc_column_text css_animation=&#8221;appear&#8221;]<\/p>\n<h2 style=\"text-align: center;\"><strong>Este plugin forma parte del repositorio de <span style=\"color: #800080;\"><a style=\"color: #800080;\" href=\"https:\/\/mejoresplugins.com\/\" target=\"_blank\" rel=\"noopener\">Mejores Plugins<\/a><\/span>, donde encontrar\u00e1s videotutoriales y comentarios para obtener m\u00e1s ayuda.<\/strong><\/h2>\n<h2><\/h2>\n<p>[\/vc_column_text][vc_empty_space height=&#8221;30px&#8221;][vc_column_text]<\/p>\n<h3 style=\"text-align: center;\"><span style=\"color: #333399;\">Pasa el cursor por encima de las im\u00e1genes de muestra, para ver el plugin en acci\u00f3n.<\/span><\/h3>\n<h2><\/h2>\n<p>[\/vc_column_text][\/vc_column][\/vc_row][vc_row][vc_column width=&#8221;1\/3&#8243;][vc_single_image image=&#8221;1827&#8243; img_size=&#8221;full&#8221; el_class=&#8221;zoomable miimagen&#8221;][vc_column_text]<\/p>\n<p style=\"text-align: center;\">Foto de Stephanie Guarini\u00a0en <a href=\"https:\/\/unsplash.com\/es\/fotos\/un-ciclista-recorre-una-calle-japonesa-rZzfEsKcYBc?utm_content=creditCopyText&amp;utm_medium=referral&amp;utm_source=unsplash\">Unsplash<\/a><\/p>\n<p>[\/vc_column_text][\/vc_column][vc_column width=&#8221;1\/3&#8243;][\/vc_column][vc_column width=&#8221;1\/3&#8243;][\/vc_column][\/vc_row][vc_row][vc_column width=&#8221;1\/3&#8243;][\/vc_column][vc_column width=&#8221;1\/3&#8243;][vc_single_image image=&#8221;1826&#8243; img_size=&#8221;full&#8221; el_class=&#8221;zoomable miimagen&#8221;][vc_column_text]Foto de <a href=\"https:\/\/unsplash.com\/es\/@sid_balachandran\">Sid Balachandran<\/a> en <a href=\"https:\/\/unsplash.com\/es\/fotos\/un-ciclista-recorre-una-calle-japonesa-rZzfEsKcYBc?utm_content=creditCopyText&amp;utm_medium=referral&amp;utm_source=unsplash\">Unsplash<\/a>[\/vc_column_text][\/vc_column][vc_column width=&#8221;1\/3&#8243;][\/vc_column][\/vc_row][vc_row][vc_column width=&#8221;1\/3&#8243;][\/vc_column][vc_column width=&#8221;1\/3&#8243;][\/vc_column][vc_column width=&#8221;1\/3&#8243;][vc_single_image image=&#8221;1818&#8243; img_size=&#8221;full&#8221; el_class=&#8221;zoomable miimagen&#8221;][vc_column_text]<\/p>\n<p style=\"text-align: right;\">Foto de <a href=\"https:\/\/unsplash.com\/es\/@dansenior\">Dan Senior<\/a> en <a href=\"https:\/\/unsplash.com\/es\/fotos\/un-ciclista-recorre-una-calle-japonesa-rZzfEsKcYBc?utm_content=creditCopyText&amp;utm_medium=referral&amp;utm_source=unsplash\">Unsplash<\/a><\/p>\n<p>[\/vc_column_text][\/vc_column][\/vc_row]<\/p>\n<\/div><div class='nosacar' style='display:none;'>Array\n(\n    [portfolioeasytranslate_cadenas_es] => Array\n        (\n            [0] => Array\n                (\n                    [0] => casa\n                    [1] => hola\n                )\n\n            [1] => Array\n                (\n                    [0] => casa\n                    [1] => hola\n                )\n\n        )\n\n)\n<\/div>","protected":false},"excerpt":{"rendered":"[vc_row][vc_column width=&#8221;1\/6&#8243;][vc_empty_space height=&#8221;30px&#8221;][vc_empty_space height=&#8221;30px&#8221;][vc_single_image image=&#8221;1817&#8243;][\/vc_column][vc_column width=&#8221;2\/3&#8243;][vc_empty_space height=&#8221;90px&#8221;][vc_column_text] Plugin Zoom Simple MP Disponible en Mejores Plugins [\/vc_column_text][\/vc_column][vc_column width=&#8221;1\/6&#8243;][\/vc_column][\/vc_row][vc_row][vc_column][vc_column_text css_animation=&#8221;none&#8221;] Aplica un efecto de zoom tipo lupa sobre im\u00e1genes al pasar el cursor. Permite personalizar el estilo, tama\u00f1o, posici\u00f3n y comportamiento del visor de zoom. Integra una p\u00e1gina de ajustes desde el administrador para modificar los par\u00e1metros&#8230; <a class=\"view-article\" href=\"https:\/\/portfoliomultimedia.com\/wordpress\/plugin-zoom-simple-ejemplo\/\">Ver art\u00edculo<\/a>","protected":false},"author":1,"featured_media":0,"parent":0,"menu_order":0,"comment_status":"closed","ping_status":"closed","template":"","meta":{"footnotes":""},"class_list":["post-1784","page","type-page","status-publish","hentry"],"_links":{"self":[{"href":"https:\/\/portfoliomultimedia.com\/wordpress\/wp-json\/wp\/v2\/pages\/1784","targetHints":{"allow":["GET"]}}],"collection":[{"href":"https:\/\/portfoliomultimedia.com\/wordpress\/wp-json\/wp\/v2\/pages"}],"about":[{"href":"https:\/\/portfoliomultimedia.com\/wordpress\/wp-json\/wp\/v2\/types\/page"}],"author":[{"embeddable":true,"href":"https:\/\/portfoliomultimedia.com\/wordpress\/wp-json\/wp\/v2\/users\/1"}],"replies":[{"embeddable":true,"href":"https:\/\/portfoliomultimedia.com\/wordpress\/wp-json\/wp\/v2\/comments?post=1784"}],"version-history":[{"count":30,"href":"https:\/\/portfoliomultimedia.com\/wordpress\/wp-json\/wp\/v2\/pages\/1784\/revisions"}],"predecessor-version":[{"id":1802,"href":"https:\/\/portfoliomultimedia.com\/wordpress\/wp-json\/wp\/v2\/pages\/1784\/revisions\/1802"}],"wp:attachment":[{"href":"https:\/\/portfoliomultimedia.com\/wordpress\/wp-json\/wp\/v2\/media?parent=1784"}],"curies":[{"name":"wp","href":"https:\/\/api.w.org\/{rel}","templated":true}]}}